{"id":193,"date":"2024-07-04T14:10:59","date_gmt":"2024-07-04T14:10:59","guid":{"rendered":"https:\/\/polydecoupe.fr\/?page_id=193"},"modified":"2024-07-28T18:16:03","modified_gmt":"2024-07-28T18:16:03","slug":"contact","status":"publish","type":"page","link":"https:\/\/polydecoupe.fr\/?page_id=193","title":{"rendered":"Contact"},"content":{"rendered":"\n<div class=\"wp-block-cover aligncenter is-light\" style=\"min-height:480px;aspect-ratio:unset;\"><span aria-hidden=\"true\" class=\"wp-block-cover__background has-dark-color-background-color has-background-dim-20 has-background-dim\"><\/span><img loading=\"lazy\" decoding=\"async\" width=\"2560\" height=\"1920\" class=\"wp-block-cover__image-background wp-image-126\" alt=\"\" src=\"https:\/\/polydecoupe.fr\/wp-content\/uploads\/2024\/06\/pexels-alex-andrews-271121-821754-scaled.jpg\" data-object-fit=\"cover\" srcset=\"https:\/\/polydecoupe.fr\/wp-content\/uploads\/2024\/06\/pexels-alex-andrews-271121-821754-scaled.jpg 2560w, https:\/\/polydecoupe.fr\/wp-content\/uploads\/2024\/06\/pexels-alex-andrews-271121-821754-300x225.jpg 300w, https:\/\/polydecoupe.fr\/wp-content\/uploads\/2024\/06\/pexels-alex-andrews-271121-821754-1024x768.jpg 1024w, https:\/\/polydecoupe.fr\/wp-content\/uploads\/2024\/06\/pexels-alex-andrews-271121-821754-768x576.jpg 768w, https:\/\/polydecoupe.fr\/wp-content\/uploads\/2024\/06\/pexels-alex-andrews-271121-821754-1536x1152.jpg 1536w, https:\/\/polydecoupe.fr\/wp-content\/uploads\/2024\/06\/pexels-alex-andrews-271121-821754-2048x1536.jpg 2048w\" sizes=\"auto, (max-width: 2560px) 100vw, 2560px\" \/><div class=\"wp-block-cover__inner-container is-layout-constrained wp-container-core-cover-is-layout-96cde5b1 wp-block-cover-is-layout-constrained\">\n<div id=\"contact-us-1\"><\/div><h2 id=\"gspb_heading-id-gsbp-d5ae3a1\" class=\"gspb_heading gspb_heading-id-gsbp-d5ae3a1 \" data-aos=\"fade-up\" data-aos-easing=\"ease\" data-aos-duration=\"800\">Faites-nous part de vos projets !<\/h2>\n\n\n\n<div class=\"wp-block-greenshift-blocks-container gspb_container gspb_container-gsbp-ecdbdd5\" id=\"gspb_container-id-gsbp-ecdbdd5\" data-aos=\"fade-up\" data-aos-easing=\"ease\" data-aos-duration=\"800\">\n<p class=\"has-text-align-center has-light-color-color has-text-color has-link-color wp-elements-0c7faa84840914a1c4ea4cd08129a75b\" style=\"font-size:clamp(14px, 0.875rem + ((1vw - 3.2px) * 0.183), 17px);\">Poly D\u00e9coupe, votre partenaire expert en m\u00e9tallerie et ferronnerie<\/p>\n<\/div>\n<\/div><\/div>\n\n\n\n<div class=\"wp-block-group is-layout-constrained wp-container-core-group-is-layout-2f2e4e5b wp-block-group-is-layout-constrained\" style=\"padding-right:var(--wp--preset--spacing--40);padding-bottom:120px;padding-left:var(--wp--preset--spacing--40)\">\n<div class=\"wp-block-columns are-vertically-aligned-center is-layout-flex wp-container-core-columns-is-layout-f5a44f5b wp-block-columns-is-layout-flex\">\n<div class=\"wp-block-column is-vertically-aligned-center homedroid-fade-up is-layout-flow wp-block-column-is-layout-flow\" style=\"padding-top:var(--wp--preset--spacing--50);padding-bottom:var(--wp--preset--spacing--50)\">\n<h1 class=\"wp-block-heading has-text-align-center\" id=\"are-you-looking-for-shipping-services-1\" style=\"margin-top:var(--wp--preset--spacing--60);margin-bottom:0;font-size:clamp(26.465px, 1.654rem + ((1vw - 3.2px) * 1.13), 45px);\"><strong><strong>Contactez Poly D\u00e9coupe <\/strong><\/strong><\/h1>\n\n\n\n<h5 class=\"wp-block-heading has-text-align-center\" id=\"are-you-looking-for-shipping-services-1\" style=\"margin-top:var(--wp--preset--spacing--60);margin-bottom:0;font-size:clamp(14px, 0.875rem + ((1vw - 3.2px) * 0.183), 17px);text-decoration:underline\"><strong><strong>Pour vos projets de m\u00e9tallerie et ferronnerie<\/strong><\/strong><\/h5>\n\n\n\n<p class=\"has-text-align-center has-light-color-color has-text-color has-link-color wp-elements-28d9393226a22a4e2bc78346953fb9de\"><strong>Poly D\u00e9coupe<\/strong>, votre sp\u00e9cialiste en <strong>m\u00e9tallerie <\/strong>et <strong>ferronnerie <\/strong>pour <strong>travaux <\/strong>int\u00e9rieurs et ext\u00e9rieurs. <\/p>\n\n\n\n<p class=\"has-text-align-center has-light-color-color has-text-color has-link-color wp-elements-d641fc10550ace10a8a6684c3df75d71\">Que vous ayez des questions sur nos services, des suggestions \u00e0 nous faire part ou des besoins sp\u00e9cifiques \u00e0 discuter, n&rsquo;h\u00e9sitez pas <\/p>\n\n\n\n<p class=\"has-text-align-center has-light-color-color has-text-color has-link-color wp-elements-73a7458f97d848c5145c5798d2d21150\">\u00e0 remplir le formulaire ci-dessous. <\/p>\n\n\n\n<p class=\"has-text-align-center has-light-color-color has-text-color has-link-color wp-elements-1833a4207969506413876fc34db1e00e\">Notre \u00e9quipe <strong>exp\u00e9riment\u00e9e <\/strong>est l\u00e0 pour r\u00e9pondre \u00e0 toutes vos demandes et vous fournir des solutions <strong>sur mesure<\/strong>. <\/p>\n\n\n\n<p class=\"has-text-align-center has-light-color-color has-text-color has-link-color wp-elements-621707040f3a128c02317eff9d1caafa\">Nous nous engageons \u00e0 vous offrir un service client\u00e8le de <strong>qualit\u00e9 <\/strong>et \u00e0 vous assister dans la concr\u00e9tisation de <strong>vos projets<\/strong>.<\/p>\n<\/div>\n<\/div>\n<\/div>\n\n\n\n<div class=\"wp-block-group is-layout-constrained wp-container-core-group-is-layout-800df39e wp-block-group-is-layout-constrained\" style=\"margin-bottom:var(--wp--preset--spacing--60)\">\n<div class=\"wp-block-group is-layout-constrained wp-container-core-group-is-layout-95fb8188 wp-block-group-is-layout-constrained\">\n<div class=\"wp-block-group alignwide is-layout-constrained wp-container-core-group-is-layout-db9edeb8 wp-block-group-is-layout-constrained\">\n<div class=\"wp-block-group alignfull is-layout-constrained wp-container-core-group-is-layout-db9edeb8 wp-block-group-is-layout-constrained\">\n<div class=\"wp-block-group alignwide is-layout-constrained wp-block-group-is-layout-constrained\" style=\"margin-top:var(--wp--preset--spacing--70)\"><div class=\"root-eb-form-ndzt4b4 alignwide wp-block-essential-blocks-form\">\n    <div class=\"eb-parent-wrapper eb-parent-eb-form-ndzt4b4 eb_animation eb___animated eb___fadeInUp\">\n        <div id=\"eb-form-ndzt4b4\" class=\"eb-form-ndzt4b4 eb-form-wrapper\">\n            <form id=\"ebf-beb04e\"\n                class=\"eb-form form-layout-block form-style-classic\" action=\"\">\n                <div class=\"eb-form-fields\">\n                                        \n\n<div class=\"wp-block-essential-blocks-row alignfull  root-eb-row-9w3zvdp\"><div class=\"eb-parent-wrapper eb-parent-eb-row-9w3zvdp \"><div class=\"eb-row-root-container eb-row-9w3zvdp\" data-id=\"eb-row-9w3zvdp\"><div class=\"eb-row-wrapper\"><div class=\"eb-row-inner\">\n<div class=\"wp-block-essential-blocks-column  root-eb-column-dip43pv\"><div class=\"eb-parent-wrapper eb-parent-eb-column-dip43pv \"><div class=\"eb-column-wrapper eb-column-dip43pv\"><div class=\"eb-column-inner\">\n<div class=\"wp-block-essential-blocks-form-text-field eb-form-field root-eb-text-field-cm5se0k\"><div class=\"eb-parent-wrapper eb-parent-eb-text-field-cm5se0k \"><div class=\"eb-text-field-cm5se0k eb-text-field-wrapper eb-field-wrapper\"><div class=\"eb-field-input-wrap\"><input type=\"text\" id=\"full-name\" name=\"full-name\" class=\"eb-field-input\" placeholder=\"Votre nom *\" \/><\/div><div class=\"eb-form-validation eb-validate-full-name\">Ce champ du formulaire doit \u00eatre rempli<\/div><\/div><\/div><\/div>\n<\/div><\/div><\/div><\/div>\n\n\n\n<div class=\"wp-block-essential-blocks-column  root-eb-column-khr7b4q\"><div class=\"eb-parent-wrapper eb-parent-eb-column-khr7b4q \"><div class=\"eb-column-wrapper eb-column-khr7b4q\"><div class=\"eb-column-inner\">\n<div class=\"wp-block-essential-blocks-form-email-field eb-form-field root-eb-email-field-hh5f3nv\"><div class=\"eb-parent-wrapper eb-parent-eb-email-field-hh5f3nv \"><div class=\"eb-email-field-hh5f3nv eb-email-field-wrapper eb-field-wrapper\"><div class=\"eb-field-input-wrap\"><input type=\"email\" id=\"email\" name=\"email\" class=\"eb-field-input\" placeholder=\"Email *\" \/><\/div><div class=\"eb-form-validation eb-validate-email\">Ce champ du formulaire doit \u00eatre rempli<\/div><\/div><\/div><\/div>\n<\/div><\/div><\/div><\/div>\n<\/div><\/div><\/div><\/div><\/div>\n\n\n\n<div class=\"wp-block-essential-blocks-row alignfull  root-eb-row-7zqyu9k\"><div class=\"eb-parent-wrapper eb-parent-eb-row-7zqyu9k \"><div class=\"eb-row-root-container eb-row-7zqyu9k\" data-id=\"eb-row-7zqyu9k\"><div class=\"eb-row-wrapper\"><div class=\"eb-row-inner\">\n<div class=\"wp-block-essential-blocks-column  root-eb-column-6kkgugy\"><div class=\"eb-parent-wrapper eb-parent-eb-column-6kkgugy \"><div class=\"eb-column-wrapper eb-column-6kkgugy\"><div class=\"eb-column-inner\"><\/div><\/div><\/div><\/div>\n<\/div><\/div><\/div><\/div><\/div>\n\n\n\n<div class=\"wp-block-essential-blocks-form-text-field eb-form-field root-eb-text-field-1ehj0\"><div class=\"eb-parent-wrapper eb-parent-eb-text-field-1ehj0 \"><div class=\"eb-text-field-1ehj0 eb-text-field-wrapper eb-field-wrapper\"><div class=\"eb-field-input-wrap\"><input type=\"text\" id=\"number\" name=\"number\" class=\"eb-field-input\" placeholder=\"Votre num\u00e9ro*\" \/><\/div><div class=\"eb-form-validation eb-validate-number\">Ce champ du formulaire doit \u00eatre rempli<\/div><\/div><\/div><\/div>\n\n\n\n<div class=\"wp-block-essential-blocks-form-textarea-field eb-form-field root-eb-textarea-field-cyvl7wd\"><div class=\"eb-parent-wrapper eb-parent-eb-textarea-field-cyvl7wd \"><div class=\"eb-textarea-field-cyvl7wd eb-textarea-field-wrapper eb-field-wrapper\"><div class=\"eb-field-input-wrap\"><textarea rows=\"8\" id=\"message\" class=\"eb-field-input\" name=\"message\" placeholder=\"D\u00e9crivez nous votre projet *\"><\/textarea><\/div><\/div><\/div><\/div>\n\n                <\/div>\n                <input class=\"form-nonce\" type=\"hidden\" name=\"form-nonce\" value=\"e72ded5b62\" \/>\n                <div class=\"eb-form-submit\">\n                                        <button type=\"submit\" class=\"btn btn-primary eb-form-submit-button\" data-id=\"eb-form-ndzt4b4\" data-form-id=\"ebf-beb04e\">\n                Envoyer\n                <img decoding=\"async\" class=\"eb-form-submit-loader\" src=\"https:\/\/polydecoupe.fr\/wp-content\/plugins\/essential-blocks\/assets\/images\/loading.svg\" \/>\n            <\/button>                <\/div>\n            <\/form>\n            <div class=\"eb_form_submit_response\" data-confirmation-type=\"message\" data-success=\"Merci pour votre message, nous vous r\u00e9pondrons d\u00e8s que possible !\" data-error=\"Erreur, veuillez r\u00e9essayer.\"><\/div>        <\/div>\n    <\/div>\n<\/div><\/div>\n<\/div>\n<\/div>\n<\/div>\n<\/div>\n","protected":false},"excerpt":{"rendered":"<p>Contactez Poly D\u00e9coupe Pour vos projets de m\u00e9tallerie et ferronnerie Poly D\u00e9coupe, votre sp\u00e9cialiste en m\u00e9tallerie et ferronnerie pour travaux int\u00e9rieurs et ext\u00e9rieurs. Que vous ayez des questions sur nos services, des suggestions \u00e0 nous faire part ou des besoins sp\u00e9cifiques \u00e0 discuter, n&rsquo;h\u00e9sitez pas \u00e0 remplir le formulaire ci-dessous. Notre \u00e9quipe exp\u00e9riment\u00e9e est l\u00e0&#8230;<\/p>\n","protected":false},"author":1,"featured_media":0,"parent":48,"menu_order":0,"comment_status":"closed","ping_status":"closed","template":"fullwidth-page-template","meta":{"_eb_attr":"","_gspb_post_css":"#gspb_heading-id-gsbp-d5ae3a1{transition-duration:.8s;transition-timing-function:ease;opacity:0;transition-property:opacity,transform;transform:translate3d(0,60px,0);font-size:45px}#gspb_container-id-gsbp-ecdbdd5.gspb_container.aos-animate,#gspb_container-id-gsbp-ecdbdd5.gspb_container[data-gs-aos],#gspb_heading-id-gsbp-d5ae3a1.aos-animate,#gspb_heading-id-gsbp-d5ae3a1[data-gs-aos]{opacity:1;transform:translateZ(0)}#gspb_heading-id-gsbp-d5ae3a1,#gspb_heading-id-gsbp-d5ae3a1 .gsap-g-line{text-align:center!important}#gspb_heading-id-gsbp-d5ae3a1{color:var(--wp--preset--color--light-color, #FFFFFF)}.gspb_container-id-gsbp-ecdbdd5{flex-direction:column;box-sizing:border-box}#gspb_container-id-gsbp-ecdbdd5.gspb_container>p:last-of-type{margin-bottom:0}.gspb_container{position:relative}#gspb_container-id-gsbp-ecdbdd5.gspb_container{transition-duration:.8s;transition-timing-function:ease;opacity:0;transition-property:opacity,transform;transform:translate3d(0,60px,0)}","_uag_custom_page_level_css":"","footnotes":""},"class_list":["post-193","page","type-page","status-publish","hentry"],"yoast_head":"<!-- This site is optimized with the Yoast SEO plugin v27.3 - https:\/\/yoast.com\/product\/yoast-seo-wordpress\/ -->\n<title>Contact - Poly D\u00e9coupe<\/title>\n<meta name=\"description\" content=\"Contactez Poly D\u00e9coupe \u00e0 Planay pour discuter de vos projets de ferronnerie sur mesure. Notre \u00e9quipe est pr\u00eate \u00e0 r\u00e9pondre \u00e0 toutes vos questions et \u00e0 vous fournir un devis personnalis\u00e9.\" \/>\n<meta name=\"robots\" content=\"index, follow, max-snippet:-1, max-image-preview:large, max-video-preview:-1\" \/>\n<link rel=\"canonical\" href=\"https:\/\/polydecoupe.fr\/?page_id=193\" \/>\n<meta property=\"og:locale\" content=\"fr_FR\" \/>\n<meta property=\"og:type\" content=\"article\" \/>\n<meta property=\"og:title\" content=\"Contact - Poly D\u00e9coupe\" \/>\n<meta property=\"og:description\" content=\"Contactez Poly D\u00e9coupe \u00e0 Planay pour discuter de vos projets de ferronnerie sur mesure. Notre \u00e9quipe est pr\u00eate \u00e0 r\u00e9pondre \u00e0 toutes vos questions et \u00e0 vous fournir un devis personnalis\u00e9.\" \/>\n<meta property=\"og:url\" content=\"https:\/\/polydecoupe.fr\/?page_id=193\" \/>\n<meta property=\"og:site_name\" content=\"Poly D\u00e9coupe\" \/>\n<meta property=\"article:modified_time\" content=\"2024-07-28T18:16:03+00:00\" \/>\n<meta property=\"og:image\" content=\"https:\/\/polydecoupe.fr\/wp-content\/uploads\/2024\/06\/pexels-alex-andrews-271121-821754-scaled.jpg\" \/>\n<meta name=\"twitter:card\" content=\"summary_large_image\" \/>\n<meta name=\"twitter:label1\" content=\"Dur\u00e9e de lecture estim\u00e9e\" \/>\n\t<meta name=\"twitter:data1\" content=\"1 minute\" \/>\n<script type=\"application\/ld+json\" class=\"yoast-schema-graph\">{\"@context\":\"https:\\\/\\\/schema.org\",\"@graph\":[{\"@type\":\"WebPage\",\"@id\":\"https:\\\/\\\/polydecoupe.fr\\\/?page_id=193\",\"url\":\"https:\\\/\\\/polydecoupe.fr\\\/?page_id=193\",\"name\":\"Contact - Poly D\u00e9coupe\",\"isPartOf\":{\"@id\":\"https:\\\/\\\/polydecoupe.fr\\\/#website\"},\"primaryImageOfPage\":{\"@id\":\"https:\\\/\\\/polydecoupe.fr\\\/?page_id=193#primaryimage\"},\"image\":{\"@id\":\"https:\\\/\\\/polydecoupe.fr\\\/?page_id=193#primaryimage\"},\"thumbnailUrl\":\"https:\\\/\\\/polydecoupe.fr\\\/wp-content\\\/uploads\\\/2024\\\/06\\\/pexels-alex-andrews-271121-821754-scaled.jpg\",\"datePublished\":\"2024-07-04T14:10:59+00:00\",\"dateModified\":\"2024-07-28T18:16:03+00:00\",\"description\":\"Contactez Poly D\u00e9coupe \u00e0 Planay pour discuter de vos projets de ferronnerie sur mesure. Notre \u00e9quipe est pr\u00eate \u00e0 r\u00e9pondre \u00e0 toutes vos questions et \u00e0 vous fournir un devis personnalis\u00e9.\",\"breadcrumb\":{\"@id\":\"https:\\\/\\\/polydecoupe.fr\\\/?page_id=193#breadcrumb\"},\"inLanguage\":\"fr-FR\",\"potentialAction\":[{\"@type\":\"ReadAction\",\"target\":[\"https:\\\/\\\/polydecoupe.fr\\\/?page_id=193\"]}]},{\"@type\":\"ImageObject\",\"inLanguage\":\"fr-FR\",\"@id\":\"https:\\\/\\\/polydecoupe.fr\\\/?page_id=193#primaryimage\",\"url\":\"https:\\\/\\\/polydecoupe.fr\\\/wp-content\\\/uploads\\\/2024\\\/06\\\/pexels-alex-andrews-271121-821754-scaled.jpg\",\"contentUrl\":\"https:\\\/\\\/polydecoupe.fr\\\/wp-content\\\/uploads\\\/2024\\\/06\\\/pexels-alex-andrews-271121-821754-scaled.jpg\",\"width\":2560,\"height\":1920},{\"@type\":\"BreadcrumbList\",\"@id\":\"https:\\\/\\\/polydecoupe.fr\\\/?page_id=193#breadcrumb\",\"itemListElement\":[{\"@type\":\"ListItem\",\"position\":1,\"name\":\"Accueil\",\"item\":\"https:\\\/\\\/polydecoupe.fr\\\/\"},{\"@type\":\"ListItem\",\"position\":2,\"name\":\"Bienvenue\",\"item\":\"https:\\\/\\\/polydecoupe.fr\\\/\"},{\"@type\":\"ListItem\",\"position\":3,\"name\":\"Contact\"}]},{\"@type\":\"WebSite\",\"@id\":\"https:\\\/\\\/polydecoupe.fr\\\/#website\",\"url\":\"https:\\\/\\\/polydecoupe.fr\\\/\",\"name\":\"Poly D\u00e9coupe\",\"description\":\"\",\"potentialAction\":[{\"@type\":\"SearchAction\",\"target\":{\"@type\":\"EntryPoint\",\"urlTemplate\":\"https:\\\/\\\/polydecoupe.fr\\\/?s={search_term_string}\"},\"query-input\":{\"@type\":\"PropertyValueSpecification\",\"valueRequired\":true,\"valueName\":\"search_term_string\"}}],\"inLanguage\":\"fr-FR\"}]}<\/script>\n<!-- \/ Yoast SEO plugin. -->","yoast_head_json":{"title":"Contact - Poly D\u00e9coupe","description":"Contactez Poly D\u00e9coupe \u00e0 Planay pour discuter de vos projets de ferronnerie sur mesure. Notre \u00e9quipe est pr\u00eate \u00e0 r\u00e9pondre \u00e0 toutes vos questions et \u00e0 vous fournir un devis personnalis\u00e9.","robots":{"index":"index","follow":"follow","max-snippet":"max-snippet:-1","max-image-preview":"max-image-preview:large","max-video-preview":"max-video-preview:-1"},"canonical":"https:\/\/polydecoupe.fr\/?page_id=193","og_locale":"fr_FR","og_type":"article","og_title":"Contact - Poly D\u00e9coupe","og_description":"Contactez Poly D\u00e9coupe \u00e0 Planay pour discuter de vos projets de ferronnerie sur mesure. Notre \u00e9quipe est pr\u00eate \u00e0 r\u00e9pondre \u00e0 toutes vos questions et \u00e0 vous fournir un devis personnalis\u00e9.","og_url":"https:\/\/polydecoupe.fr\/?page_id=193","og_site_name":"Poly D\u00e9coupe","article_modified_time":"2024-07-28T18:16:03+00:00","og_image":[{"url":"https:\/\/polydecoupe.fr\/wp-content\/uploads\/2024\/06\/pexels-alex-andrews-271121-821754-scaled.jpg","type":"","width":"","height":""}],"twitter_card":"summary_large_image","twitter_misc":{"Dur\u00e9e de lecture estim\u00e9e":"1 minute"},"schema":{"@context":"https:\/\/schema.org","@graph":[{"@type":"WebPage","@id":"https:\/\/polydecoupe.fr\/?page_id=193","url":"https:\/\/polydecoupe.fr\/?page_id=193","name":"Contact - Poly D\u00e9coupe","isPartOf":{"@id":"https:\/\/polydecoupe.fr\/#website"},"primaryImageOfPage":{"@id":"https:\/\/polydecoupe.fr\/?page_id=193#primaryimage"},"image":{"@id":"https:\/\/polydecoupe.fr\/?page_id=193#primaryimage"},"thumbnailUrl":"https:\/\/polydecoupe.fr\/wp-content\/uploads\/2024\/06\/pexels-alex-andrews-271121-821754-scaled.jpg","datePublished":"2024-07-04T14:10:59+00:00","dateModified":"2024-07-28T18:16:03+00:00","description":"Contactez Poly D\u00e9coupe \u00e0 Planay pour discuter de vos projets de ferronnerie sur mesure. Notre \u00e9quipe est pr\u00eate \u00e0 r\u00e9pondre \u00e0 toutes vos questions et \u00e0 vous fournir un devis personnalis\u00e9.","breadcrumb":{"@id":"https:\/\/polydecoupe.fr\/?page_id=193#breadcrumb"},"inLanguage":"fr-FR","potentialAction":[{"@type":"ReadAction","target":["https:\/\/polydecoupe.fr\/?page_id=193"]}]},{"@type":"ImageObject","inLanguage":"fr-FR","@id":"https:\/\/polydecoupe.fr\/?page_id=193#primaryimage","url":"https:\/\/polydecoupe.fr\/wp-content\/uploads\/2024\/06\/pexels-alex-andrews-271121-821754-scaled.jpg","contentUrl":"https:\/\/polydecoupe.fr\/wp-content\/uploads\/2024\/06\/pexels-alex-andrews-271121-821754-scaled.jpg","width":2560,"height":1920},{"@type":"BreadcrumbList","@id":"https:\/\/polydecoupe.fr\/?page_id=193#breadcrumb","itemListElement":[{"@type":"ListItem","position":1,"name":"Accueil","item":"https:\/\/polydecoupe.fr\/"},{"@type":"ListItem","position":2,"name":"Bienvenue","item":"https:\/\/polydecoupe.fr\/"},{"@type":"ListItem","position":3,"name":"Contact"}]},{"@type":"WebSite","@id":"https:\/\/polydecoupe.fr\/#website","url":"https:\/\/polydecoupe.fr\/","name":"Poly D\u00e9coupe","description":"","potentialAction":[{"@type":"SearchAction","target":{"@type":"EntryPoint","urlTemplate":"https:\/\/polydecoupe.fr\/?s={search_term_string}"},"query-input":{"@type":"PropertyValueSpecification","valueRequired":true,"valueName":"search_term_string"}}],"inLanguage":"fr-FR"}]}},"uagb_featured_image_src":{"full":false,"thumbnail":false,"medium":false,"medium_large":false,"large":false,"1536x1536":false,"2048x2048":false},"uagb_author_info":{"display_name":"site.polydecoupe.gestion@gmail.com","author_link":"https:\/\/polydecoupe.fr\/?author=1"},"uagb_comment_info":0,"uagb_excerpt":"Contactez Poly D\u00e9coupe Pour vos projets de m\u00e9tallerie et ferronnerie Poly D\u00e9coupe, votre sp\u00e9cialiste en m\u00e9tallerie et ferronnerie pour travaux int\u00e9rieurs et ext\u00e9rieurs. Que vous ayez des questions sur nos services, des suggestions \u00e0 nous faire part ou des besoins sp\u00e9cifiques \u00e0 discuter, n&rsquo;h\u00e9sitez pas \u00e0 remplir le formulaire ci-dessous. Notre \u00e9quipe exp\u00e9riment\u00e9e est l\u00e0...","jetpack_sharing_enabled":true,"_links":{"self":[{"href":"https:\/\/polydecoupe.fr\/index.php?rest_route=\/wp\/v2\/pages\/193","targetHints":{"allow":["GET"]}}],"collection":[{"href":"https:\/\/polydecoupe.fr\/index.php?rest_route=\/wp\/v2\/pages"}],"about":[{"href":"https:\/\/polydecoupe.fr\/index.php?rest_route=\/wp\/v2\/types\/page"}],"author":[{"embeddable":true,"href":"https:\/\/polydecoupe.fr\/index.php?rest_route=\/wp\/v2\/users\/1"}],"replies":[{"embeddable":true,"href":"https:\/\/polydecoupe.fr\/index.php?rest_route=%2Fwp%2Fv2%2Fcomments&post=193"}],"version-history":[{"count":40,"href":"https:\/\/polydecoupe.fr\/index.php?rest_route=\/wp\/v2\/pages\/193\/revisions"}],"predecessor-version":[{"id":1201,"href":"https:\/\/polydecoupe.fr\/index.php?rest_route=\/wp\/v2\/pages\/193\/revisions\/1201"}],"up":[{"embeddable":true,"href":"https:\/\/polydecoupe.fr\/index.php?rest_route=\/wp\/v2\/pages\/48"}],"wp:attachment":[{"href":"https:\/\/polydecoupe.fr\/index.php?rest_route=%2Fwp%2Fv2%2Fmedia&parent=193"}],"curies":[{"name":"wp","href":"https:\/\/api.w.org\/{rel}","templated":true}]}}