{"id":163,"date":"2024-07-11T09:29:31","date_gmt":"2024-07-11T09:29:31","guid":{"rendered":"https:\/\/polydecoupe.fr\/?page_id=163"},"modified":"2024-07-28T18:15:41","modified_gmt":"2024-07-28T18:15:41","slug":"galerie","status":"publish","type":"page","link":"https:\/\/polydecoupe.fr\/?page_id=163","title":{"rendered":"Galerie"},"content":{"rendered":"\n<div class=\"wp-block-group has-primary-gradient-gradient-background has-background is-layout-constrained wp-container-core-group-is-layout-00e85969 wp-block-group-is-layout-constrained\" style=\"min-height:657px;padding-top:0;padding-right:0;padding-bottom:0;padding-left:0\">\n<div class=\"wp-block-cover alignfull\" style=\"margin-bottom:var(--wp--preset--spacing--80);padding-top:0;padding-right:var(--wp--preset--spacing--40);padding-bottom:56px;padding-left:var(--wp--preset--spacing--40);min-height:657px;aspect-ratio:unset;\"><span aria-hidden=\"true\" class=\"wp-block-cover__background has-dark-color-background-color has-background-dim-30 has-background-dim\"><\/span><img loading=\"lazy\" decoding=\"async\" width=\"2560\" height=\"1709\" class=\"wp-block-cover__image-background wp-image-1152\" alt=\"\" src=\"https:\/\/polydecoupe.fr\/wp-content\/uploads\/2024\/07\/pexels-natri-130053-scaled.jpg\" data-object-fit=\"cover\" srcset=\"https:\/\/polydecoupe.fr\/wp-content\/uploads\/2024\/07\/pexels-natri-130053-scaled.jpg 2560w, https:\/\/polydecoupe.fr\/wp-content\/uploads\/2024\/07\/pexels-natri-130053-300x200.jpg 300w, https:\/\/polydecoupe.fr\/wp-content\/uploads\/2024\/07\/pexels-natri-130053-1024x684.jpg 1024w, https:\/\/polydecoupe.fr\/wp-content\/uploads\/2024\/07\/pexels-natri-130053-768x513.jpg 768w, https:\/\/polydecoupe.fr\/wp-content\/uploads\/2024\/07\/pexels-natri-130053-1536x1025.jpg 1536w, https:\/\/polydecoupe.fr\/wp-content\/uploads\/2024\/07\/pexels-natri-130053-2048x1367.jpg 2048w\" sizes=\"auto, (max-width: 2560px) 100vw, 2560px\" \/><div class=\"wp-block-cover__inner-container is-layout-constrained wp-container-core-cover-is-layout-89052c1b wp-block-cover-is-layout-constrained\">\n<div class=\"wp-block-columns is-layout-flex wp-container-core-columns-is-layout-28f84493 wp-block-columns-is-layout-flex\">\n<div class=\"wp-block-column is-layout-flow wp-block-column-is-layout-flow\" style=\"flex-basis:100%\">\n<div class=\"wp-block-group homedroid-slide-up is-layout-constrained wp-container-core-group-is-layout-0de311d3 wp-block-group-is-layout-constrained\" style=\"padding-right:0;padding-left:0\">\n<h1 class=\"wp-block-heading alignwide has-text-align-center has-light-color-color has-text-color has-link-color wp-elements-aab96254666cea4ff50a317d5e3b03e0\" id=\"your-trusted-partner-for-exceptional-home-services-2\" style=\"margin-top:10px;margin-bottom:24px;font-size:clamp(30.693px, 1.918rem + ((1vw - 3.2px) * 1.421), 54px);font-style:normal;font-weight:600;text-transform:capitalize\">Nos R\u00e9alisations<\/h1>\n\n\n\n<h2 class=\"wp-block-heading has-text-align-center has-light-color-color has-text-color has-link-color has-small-font-size wp-elements-819b38e74709782d342b26c56e47491d\" id=\"creating-a-catchy-and-memorable-tagline-is-crucial-for-marketing-cleaner-services-here-are-some-tagline-ideas-2\" style=\"font-style:normal;font-weight:400;text-transform:none\">Inspirez-vous en parcourant notre galerie photo et d\u00e9couvrez une s\u00e9lection de nos r\u00e9alisations sur mesure<\/h2>\n<\/div>\n<\/div>\n<\/div>\n<\/div><\/div>\n<\/div>\n\n\n\n<div class=\"wp-block-group alignwide is-layout-constrained wp-block-group-is-layout-constrained\">\n<div class=\"wp-block-essential-blocks-image-gallery  root-eb-image-gallery-djp8r\"><div class=\"eb-parent-wrapper eb-parent-eb-image-gallery-djp8r \"><ul class=\"eb-img-gallery-filter-wrapper filter-wrapper-eb-image-gallery-djp8r\" data-id=\"eb-image-gallery-djp8r\"><li class=\"eb-img-gallery-filter-item\" data-filter=\"*\" data-id=\"eb-image-gallery-djp8r\">Tout<\/li><li class=\"eb-img-gallery-filter-item\" data-filter=\".eb-filter-img-signal\u00e9tique\" data-id=\"eb-image-gallery-djp8r\">Signal\u00e9tique<\/li><li class=\"eb-img-gallery-filter-item\" data-filter=\".eb-filter-img-portails\" data-id=\"eb-image-gallery-djp8r\">Portails<\/li><li class=\"eb-img-gallery-filter-item\" data-filter=\".eb-filter-img-garde-corps\" data-id=\"eb-image-gallery-djp8r\">Garde corps<\/li><li class=\"eb-img-gallery-filter-item\" data-filter=\".eb-filter-img-escaliers\" data-id=\"eb-image-gallery-djp8r\">Escaliers<\/li><li class=\"eb-img-gallery-filter-item\" data-filter=\".eb-filter-img-mobilier\" data-id=\"eb-image-gallery-djp8r\">Mobilier<\/li><li class=\"eb-img-gallery-filter-item\" data-filter=\".eb-filter-img-structure-m\u00e9tallique\" data-id=\"eb-image-gallery-djp8r\">Structure m\u00e9tallique<\/li><\/ul><div class=\"eb-gallery-img-wrapper eb-image-gallery-djp8r grid overlay-bottom caption-style-0  eb-filterable-img-gallery no-isotope \" data-id=\"eb-image-gallery-djp8r\" data-default-filter=\"*\"><a href=\"https:\/\/polydecoupe.fr\/wp-content\/uploads\/2024\/06\/20210420_144813-scaled.jpg\" rel=\"noopener\" data-fslightbox=\"gallery\" data-type=\"image\" class=\"eb-gallery-img-content eb-filter-img-signal\u00e9tique\"><span class=\"eb-gallery-link-wrapper\"><img decoding=\"async\" class=\"eb-gallery-img\" src=\"https:\/\/polydecoupe.fr\/wp-content\/uploads\/2024\/06\/20210420_144813-scaled.jpg\" image-index=\"0\" alt=\"\"\/><\/span><\/a><a href=\"https:\/\/polydecoupe.fr\/wp-content\/uploads\/2024\/07\/IMG_20230707_111631_981-scaled.jpg\" rel=\"noopener\" data-fslightbox=\"gallery\" data-type=\"image\" class=\"eb-gallery-img-content eb-filter-img-escaliers eb-filter-img-garde-corps\"><span class=\"eb-gallery-link-wrapper\"><img decoding=\"async\" class=\"eb-gallery-img\" src=\"https:\/\/polydecoupe.fr\/wp-content\/uploads\/2024\/07\/IMG_20230707_111631_981-scaled.jpg\" image-index=\"1\" alt=\"\"\/><\/span><\/a><a href=\"https:\/\/polydecoupe.fr\/wp-content\/uploads\/2024\/07\/IMG_20230707_111643_542-scaled.jpg\" rel=\"noopener\" data-fslightbox=\"gallery\" data-type=\"image\" class=\"eb-gallery-img-content eb-filter-img-escaliers eb-filter-img-garde-corps\"><span class=\"eb-gallery-link-wrapper\"><img decoding=\"async\" class=\"eb-gallery-img\" src=\"https:\/\/polydecoupe.fr\/wp-content\/uploads\/2024\/07\/IMG_20230707_111643_542-scaled.jpg\" image-index=\"2\" alt=\"\"\/><\/span><\/a><a href=\"https:\/\/polydecoupe.fr\/wp-content\/uploads\/2024\/07\/IMG-20221219-WA0000.jpg\" rel=\"noopener\" data-fslightbox=\"gallery\" data-type=\"image\" class=\"eb-gallery-img-content eb-filter-img-signal\u00e9tique\"><span class=\"eb-gallery-link-wrapper\"><img decoding=\"async\" class=\"eb-gallery-img\" src=\"https:\/\/polydecoupe.fr\/wp-content\/uploads\/2024\/07\/IMG-20221219-WA0000.jpg\" image-index=\"3\" alt=\"\"\/><\/span><\/a><a href=\"https:\/\/polydecoupe.fr\/wp-content\/uploads\/2024\/07\/20210326_105509-scaled.jpg\" rel=\"noopener\" data-fslightbox=\"gallery\" data-type=\"image\" class=\"eb-gallery-img-content eb-filter-img-structure-m\u00e9tallique\"><span class=\"eb-gallery-link-wrapper\"><img decoding=\"async\" class=\"eb-gallery-img\" src=\"https:\/\/polydecoupe.fr\/wp-content\/uploads\/2024\/07\/20210326_105509-scaled.jpg\" image-index=\"4\" alt=\"\"\/><\/span><\/a><a href=\"https:\/\/polydecoupe.fr\/wp-content\/uploads\/2024\/07\/20200922_163225-scaled.jpg\" rel=\"noopener\" data-fslightbox=\"gallery\" data-type=\"image\" class=\"eb-gallery-img-content eb-filter-img-garde-corps\"><span class=\"eb-gallery-link-wrapper\"><img decoding=\"async\" class=\"eb-gallery-img\" src=\"https:\/\/polydecoupe.fr\/wp-content\/uploads\/2024\/07\/20200922_163225-scaled.jpg\" image-index=\"5\" alt=\"\"\/><\/span><\/a><a href=\"https:\/\/polydecoupe.fr\/wp-content\/uploads\/2024\/07\/20200910_133120-scaled.jpg\" rel=\"noopener\" data-fslightbox=\"gallery\" data-type=\"image\" class=\"eb-gallery-img-content eb-filter-img-escaliers\"><span class=\"eb-gallery-link-wrapper\"><img decoding=\"async\" class=\"eb-gallery-img\" src=\"https:\/\/polydecoupe.fr\/wp-content\/uploads\/2024\/07\/20200910_133120-scaled.jpg\" image-index=\"6\" alt=\"\"\/><\/span><\/a><a href=\"https:\/\/polydecoupe.fr\/wp-content\/uploads\/2024\/07\/20171221_113719-scaled.jpg\" rel=\"noopener\" data-fslightbox=\"gallery\" data-type=\"image\" class=\"eb-gallery-img-content eb-filter-img-garde-corps\"><span class=\"eb-gallery-link-wrapper\"><img decoding=\"async\" class=\"eb-gallery-img\" src=\"https:\/\/polydecoupe.fr\/wp-content\/uploads\/2024\/07\/20171221_113719-scaled.jpg\" image-index=\"7\" alt=\"\"\/><\/span><\/a><a href=\"https:\/\/polydecoupe.fr\/wp-content\/uploads\/2024\/07\/IMG_20230707_111627_580-scaled.jpg\" rel=\"noopener\" data-fslightbox=\"gallery\" data-type=\"image\" class=\"eb-gallery-img-content eb-filter-img-escaliers\"><span class=\"eb-gallery-link-wrapper\"><img decoding=\"async\" class=\"eb-gallery-img\" src=\"https:\/\/polydecoupe.fr\/wp-content\/uploads\/2024\/07\/IMG_20230707_111627_580-scaled.jpg\" image-index=\"8\" alt=\"\"\/><\/span><\/a><a href=\"https:\/\/polydecoupe.fr\/wp-content\/uploads\/2024\/07\/IMG_20230201_153456_300-scaled.jpg\" rel=\"noopener\" data-fslightbox=\"gallery\" data-type=\"image\" class=\"eb-gallery-img-content eb-filter-img-escaliers\"><span class=\"eb-gallery-link-wrapper\"><img decoding=\"async\" class=\"eb-gallery-img\" src=\"https:\/\/polydecoupe.fr\/wp-content\/uploads\/2024\/07\/IMG_20230201_153456_300-scaled.jpg\" image-index=\"9\" alt=\"\"\/><\/span><\/a><a href=\"https:\/\/polydecoupe.fr\/wp-content\/uploads\/2024\/07\/IMG_20230201_153445_597-scaled.jpg\" rel=\"noopener\" data-fslightbox=\"gallery\" data-type=\"image\" class=\"eb-gallery-img-content eb-filter-img-escaliers\"><span class=\"eb-gallery-link-wrapper\"><img decoding=\"async\" class=\"eb-gallery-img\" src=\"https:\/\/polydecoupe.fr\/wp-content\/uploads\/2024\/07\/IMG_20230201_153445_597-scaled.jpg\" image-index=\"10\" alt=\"\"\/><\/span><\/a><a href=\"https:\/\/polydecoupe.fr\/wp-content\/uploads\/2024\/07\/IMG_20220608_135915_539-scaled.jpg\" rel=\"noopener\" data-fslightbox=\"gallery\" data-type=\"image\" class=\"eb-gallery-img-content eb-filter-img-structure-m\u00e9tallique\"><span class=\"eb-gallery-link-wrapper\"><img decoding=\"async\" class=\"eb-gallery-img\" src=\"https:\/\/polydecoupe.fr\/wp-content\/uploads\/2024\/07\/IMG_20220608_135915_539-scaled.jpg\" image-index=\"11\" alt=\"\"\/><\/span><\/a><a href=\"https:\/\/polydecoupe.fr\/wp-content\/uploads\/2024\/07\/IMG_20211111_110316_887-scaled.jpg\" rel=\"noopener\" data-fslightbox=\"gallery\" data-type=\"image\" class=\"eb-gallery-img-content eb-filter-img-garde-corps\"><span class=\"eb-gallery-link-wrapper\"><img decoding=\"async\" class=\"eb-gallery-img\" src=\"https:\/\/polydecoupe.fr\/wp-content\/uploads\/2024\/07\/IMG_20211111_110316_887-scaled.jpg\" image-index=\"12\" alt=\"\"\/><\/span><\/a><a href=\"https:\/\/polydecoupe.fr\/wp-content\/uploads\/2024\/07\/IMG_20211011_112910_765-scaled.jpg\" rel=\"noopener\" data-fslightbox=\"gallery\" data-type=\"image\" class=\"eb-gallery-img-content eb-filter-img-garde-corps\"><span class=\"eb-gallery-link-wrapper\"><img decoding=\"async\" class=\"eb-gallery-img\" src=\"https:\/\/polydecoupe.fr\/wp-content\/uploads\/2024\/07\/IMG_20211011_112910_765-scaled.jpg\" image-index=\"13\" alt=\"\"\/><\/span><\/a><a href=\"https:\/\/polydecoupe.fr\/wp-content\/uploads\/2024\/07\/Signaletique-4.jpg\" rel=\"noopener\" data-fslightbox=\"gallery\" data-type=\"image\" class=\"eb-gallery-img-content eb-filter-img-signal\u00e9tique\"><span class=\"eb-gallery-link-wrapper\"><img decoding=\"async\" class=\"eb-gallery-img\" src=\"https:\/\/polydecoupe.fr\/wp-content\/uploads\/2024\/07\/Signaletique-4.jpg\" image-index=\"14\" alt=\"\"\/><\/span><\/a><a href=\"https:\/\/polydecoupe.fr\/wp-content\/uploads\/2024\/07\/IMG-20221220-WA0000.jpg\" rel=\"noopener\" data-fslightbox=\"gallery\" data-type=\"image\" class=\"eb-gallery-img-content eb-filter-img-structure-m\u00e9tallique\"><span class=\"eb-gallery-link-wrapper\"><img decoding=\"async\" class=\"eb-gallery-img\" src=\"https:\/\/polydecoupe.fr\/wp-content\/uploads\/2024\/07\/IMG-20221220-WA0000.jpg\" image-index=\"15\" alt=\"\"\/><\/span><\/a><a href=\"https:\/\/polydecoupe.fr\/wp-content\/uploads\/2024\/07\/IMG_20240531_101222_658-scaled.jpg\" rel=\"noopener\" data-fslightbox=\"gallery\" data-type=\"image\" class=\"eb-gallery-img-content eb-filter-img-escaliers\"><span class=\"eb-gallery-link-wrapper\"><img decoding=\"async\" class=\"eb-gallery-img\" src=\"https:\/\/polydecoupe.fr\/wp-content\/uploads\/2024\/07\/IMG_20240531_101222_658-scaled.jpg\" image-index=\"16\" alt=\"\"\/><\/span><\/a><\/div><\/div><\/div>\n<\/div>\n","protected":false},"excerpt":{"rendered":"","protected":false},"author":1,"featured_media":0,"parent":48,"menu_order":0,"comment_status":"closed","ping_status":"closed","template":"fullwidth-page-template","meta":{"_eb_attr":"","_gspb_post_css":"","_uag_custom_page_level_css":"","footnotes":""},"class_list":["post-163","page","type-page","status-publish","hentry"],"yoast_head":"<!-- This site is optimized with the Yoast SEO plugin v27.3 - https:\/\/yoast.com\/product\/yoast-seo-wordpress\/ -->\n<title>Galerie - Poly D\u00e9coupe<\/title>\n<meta name=\"description\" content=\"Explorez la galerie de Poly D\u00e9coupe \u00e0 Planay pour d\u00e9couvrir nos cr\u00e9ations uniques en ferronnerie. Admirez notre savoir-faire \u00e0 travers des projets de portails, garde-corps, mobilier et plus encore.\" \/>\n<meta name=\"robots\" content=\"index, follow, max-snippet:-1, max-image-preview:large, max-video-preview:-1\" \/>\n<link rel=\"canonical\" href=\"https:\/\/polydecoupe.fr\/?page_id=163\" \/>\n<meta property=\"og:locale\" content=\"fr_FR\" \/>\n<meta property=\"og:type\" content=\"article\" \/>\n<meta property=\"og:title\" content=\"Galerie - Poly D\u00e9coupe\" \/>\n<meta property=\"og:description\" content=\"Explorez la galerie de Poly D\u00e9coupe \u00e0 Planay pour d\u00e9couvrir nos cr\u00e9ations uniques en ferronnerie. Admirez notre savoir-faire \u00e0 travers des projets de portails, garde-corps, mobilier et plus encore.\" \/>\n<meta property=\"og:url\" content=\"https:\/\/polydecoupe.fr\/?page_id=163\" \/>\n<meta property=\"og:site_name\" content=\"Poly D\u00e9coupe\" \/>\n<meta property=\"article:modified_time\" content=\"2024-07-28T18:15:41+00:00\" \/>\n<meta property=\"og:image\" content=\"https:\/\/polydecoupe.fr\/wp-content\/uploads\/2024\/07\/pexels-natri-130053-scaled.jpg\" \/>\n<meta name=\"twitter:card\" content=\"summary_large_image\" \/>\n<meta name=\"twitter:label1\" content=\"Dur\u00e9e de lecture estim\u00e9e\" \/>\n\t<meta name=\"twitter:data1\" content=\"4 minutes\" \/>\n<script type=\"application\/ld+json\" class=\"yoast-schema-graph\">{\"@context\":\"https:\\\/\\\/schema.org\",\"@graph\":[{\"@type\":\"WebPage\",\"@id\":\"https:\\\/\\\/polydecoupe.fr\\\/?page_id=163\",\"url\":\"https:\\\/\\\/polydecoupe.fr\\\/?page_id=163\",\"name\":\"Galerie - Poly D\u00e9coupe\",\"isPartOf\":{\"@id\":\"https:\\\/\\\/polydecoupe.fr\\\/#website\"},\"primaryImageOfPage\":{\"@id\":\"https:\\\/\\\/polydecoupe.fr\\\/?page_id=163#primaryimage\"},\"image\":{\"@id\":\"https:\\\/\\\/polydecoupe.fr\\\/?page_id=163#primaryimage\"},\"thumbnailUrl\":\"https:\\\/\\\/polydecoupe.fr\\\/wp-content\\\/uploads\\\/2024\\\/07\\\/pexels-natri-130053-scaled.jpg\",\"datePublished\":\"2024-07-11T09:29:31+00:00\",\"dateModified\":\"2024-07-28T18:15:41+00:00\",\"description\":\"Explorez la galerie de Poly D\u00e9coupe \u00e0 Planay pour d\u00e9couvrir nos cr\u00e9ations uniques en ferronnerie. Admirez notre savoir-faire \u00e0 travers des projets de portails, garde-corps, mobilier et plus encore.\",\"breadcrumb\":{\"@id\":\"https:\\\/\\\/polydecoupe.fr\\\/?page_id=163#breadcrumb\"},\"inLanguage\":\"fr-FR\",\"potentialAction\":[{\"@type\":\"ReadAction\",\"target\":[\"https:\\\/\\\/polydecoupe.fr\\\/?page_id=163\"]}]},{\"@type\":\"ImageObject\",\"inLanguage\":\"fr-FR\",\"@id\":\"https:\\\/\\\/polydecoupe.fr\\\/?page_id=163#primaryimage\",\"url\":\"https:\\\/\\\/polydecoupe.fr\\\/wp-content\\\/uploads\\\/2024\\\/07\\\/pexels-natri-130053-scaled.jpg\",\"contentUrl\":\"https:\\\/\\\/polydecoupe.fr\\\/wp-content\\\/uploads\\\/2024\\\/07\\\/pexels-natri-130053-scaled.jpg\",\"width\":2560,\"height\":1709},{\"@type\":\"BreadcrumbList\",\"@id\":\"https:\\\/\\\/polydecoupe.fr\\\/?page_id=163#breadcrumb\",\"itemListElement\":[{\"@type\":\"ListItem\",\"position\":1,\"name\":\"Accueil\",\"item\":\"https:\\\/\\\/polydecoupe.fr\\\/\"},{\"@type\":\"ListItem\",\"position\":2,\"name\":\"Bienvenue\",\"item\":\"https:\\\/\\\/polydecoupe.fr\\\/\"},{\"@type\":\"ListItem\",\"position\":3,\"name\":\"Galerie\"}]},{\"@type\":\"WebSite\",\"@id\":\"https:\\\/\\\/polydecoupe.fr\\\/#website\",\"url\":\"https:\\\/\\\/polydecoupe.fr\\\/\",\"name\":\"Poly D\u00e9coupe\",\"description\":\"\",\"potentialAction\":[{\"@type\":\"SearchAction\",\"target\":{\"@type\":\"EntryPoint\",\"urlTemplate\":\"https:\\\/\\\/polydecoupe.fr\\\/?s={search_term_string}\"},\"query-input\":{\"@type\":\"PropertyValueSpecification\",\"valueRequired\":true,\"valueName\":\"search_term_string\"}}],\"inLanguage\":\"fr-FR\"}]}<\/script>\n<!-- \/ Yoast SEO plugin. -->","yoast_head_json":{"title":"Galerie - Poly D\u00e9coupe","description":"Explorez la galerie de Poly D\u00e9coupe \u00e0 Planay pour d\u00e9couvrir nos cr\u00e9ations uniques en ferronnerie. Admirez notre savoir-faire \u00e0 travers des projets de portails, garde-corps, mobilier et plus encore.","robots":{"index":"index","follow":"follow","max-snippet":"max-snippet:-1","max-image-preview":"max-image-preview:large","max-video-preview":"max-video-preview:-1"},"canonical":"https:\/\/polydecoupe.fr\/?page_id=163","og_locale":"fr_FR","og_type":"article","og_title":"Galerie - Poly D\u00e9coupe","og_description":"Explorez la galerie de Poly D\u00e9coupe \u00e0 Planay pour d\u00e9couvrir nos cr\u00e9ations uniques en ferronnerie. Admirez notre savoir-faire \u00e0 travers des projets de portails, garde-corps, mobilier et plus encore.","og_url":"https:\/\/polydecoupe.fr\/?page_id=163","og_site_name":"Poly D\u00e9coupe","article_modified_time":"2024-07-28T18:15:41+00:00","og_image":[{"url":"https:\/\/polydecoupe.fr\/wp-content\/uploads\/2024\/07\/pexels-natri-130053-scaled.jpg","type":"","width":"","height":""}],"twitter_card":"summary_large_image","twitter_misc":{"Dur\u00e9e de lecture estim\u00e9e":"4 minutes"},"schema":{"@context":"https:\/\/schema.org","@graph":[{"@type":"WebPage","@id":"https:\/\/polydecoupe.fr\/?page_id=163","url":"https:\/\/polydecoupe.fr\/?page_id=163","name":"Galerie - Poly D\u00e9coupe","isPartOf":{"@id":"https:\/\/polydecoupe.fr\/#website"},"primaryImageOfPage":{"@id":"https:\/\/polydecoupe.fr\/?page_id=163#primaryimage"},"image":{"@id":"https:\/\/polydecoupe.fr\/?page_id=163#primaryimage"},"thumbnailUrl":"https:\/\/polydecoupe.fr\/wp-content\/uploads\/2024\/07\/pexels-natri-130053-scaled.jpg","datePublished":"2024-07-11T09:29:31+00:00","dateModified":"2024-07-28T18:15:41+00:00","description":"Explorez la galerie de Poly D\u00e9coupe \u00e0 Planay pour d\u00e9couvrir nos cr\u00e9ations uniques en ferronnerie. Admirez notre savoir-faire \u00e0 travers des projets de portails, garde-corps, mobilier et plus encore.","breadcrumb":{"@id":"https:\/\/polydecoupe.fr\/?page_id=163#breadcrumb"},"inLanguage":"fr-FR","potentialAction":[{"@type":"ReadAction","target":["https:\/\/polydecoupe.fr\/?page_id=163"]}]},{"@type":"ImageObject","inLanguage":"fr-FR","@id":"https:\/\/polydecoupe.fr\/?page_id=163#primaryimage","url":"https:\/\/polydecoupe.fr\/wp-content\/uploads\/2024\/07\/pexels-natri-130053-scaled.jpg","contentUrl":"https:\/\/polydecoupe.fr\/wp-content\/uploads\/2024\/07\/pexels-natri-130053-scaled.jpg","width":2560,"height":1709},{"@type":"BreadcrumbList","@id":"https:\/\/polydecoupe.fr\/?page_id=163#breadcrumb","itemListElement":[{"@type":"ListItem","position":1,"name":"Accueil","item":"https:\/\/polydecoupe.fr\/"},{"@type":"ListItem","position":2,"name":"Bienvenue","item":"https:\/\/polydecoupe.fr\/"},{"@type":"ListItem","position":3,"name":"Galerie"}]},{"@type":"WebSite","@id":"https:\/\/polydecoupe.fr\/#website","url":"https:\/\/polydecoupe.fr\/","name":"Poly D\u00e9coupe","description":"","potentialAction":[{"@type":"SearchAction","target":{"@type":"EntryPoint","urlTemplate":"https:\/\/polydecoupe.fr\/?s={search_term_string}"},"query-input":{"@type":"PropertyValueSpecification","valueRequired":true,"valueName":"search_term_string"}}],"inLanguage":"fr-FR"}]}},"uagb_featured_image_src":{"full":false,"thumbnail":false,"medium":false,"medium_large":false,"large":false,"1536x1536":false,"2048x2048":false},"uagb_author_info":{"display_name":"site.polydecoupe.gestion@gmail.com","author_link":"https:\/\/polydecoupe.fr\/?author=1"},"uagb_comment_info":0,"uagb_excerpt":null,"jetpack_sharing_enabled":true,"_links":{"self":[{"href":"https:\/\/polydecoupe.fr\/index.php?rest_route=\/wp\/v2\/pages\/163","targetHints":{"allow":["GET"]}}],"collection":[{"href":"https:\/\/polydecoupe.fr\/index.php?rest_route=\/wp\/v2\/pages"}],"about":[{"href":"https:\/\/polydecoupe.fr\/index.php?rest_route=\/wp\/v2\/types\/page"}],"author":[{"embeddable":true,"href":"https:\/\/polydecoupe.fr\/index.php?rest_route=\/wp\/v2\/users\/1"}],"replies":[{"embeddable":true,"href":"https:\/\/polydecoupe.fr\/index.php?rest_route=%2Fwp%2Fv2%2Fcomments&post=163"}],"version-history":[{"count":32,"href":"https:\/\/polydecoupe.fr\/index.php?rest_route=\/wp\/v2\/pages\/163\/revisions"}],"predecessor-version":[{"id":1226,"href":"https:\/\/polydecoupe.fr\/index.php?rest_route=\/wp\/v2\/pages\/163\/revisions\/1226"}],"up":[{"embeddable":true,"href":"https:\/\/polydecoupe.fr\/index.php?rest_route=\/wp\/v2\/pages\/48"}],"wp:attachment":[{"href":"https:\/\/polydecoupe.fr\/index.php?rest_route=%2Fwp%2Fv2%2Fmedia&parent=163"}],"curies":[{"name":"wp","href":"https:\/\/api.w.org\/{rel}","templated":true}]}}