{"id":1181,"date":"2024-07-26T14:01:02","date_gmt":"2024-07-26T14:01:02","guid":{"rendered":"https:\/\/polydecoupe.fr\/?page_id=1181"},"modified":"2024-07-26T14:06:11","modified_gmt":"2024-07-26T14:06:11","slug":"mentions-legales","status":"publish","type":"page","link":"https:\/\/polydecoupe.fr\/?page_id=1181","title":{"rendered":"Mentions L\u00e9gales"},"content":{"rendered":"\n<hr class=\"wp-block-separator has-alpha-channel-opacity\"\/>\n\n\n\n<h3 class=\"wp-block-heading\" id=\"identification-de-l-editeur-du-site\">Identification de l&rsquo;\u00e9diteur du site<\/h3>\n\n\n\n<p><strong>Poly D\u00e9coupe<\/strong> :<\/p>\n\n\n\n<ul class=\"wp-block-list\">\n<li><strong>Forme juridique :<\/strong> Soci\u00e9t\u00e9 \u00e0 Responsabilit\u00e9 Limit\u00e9e (SARL)<\/li>\n\n\n\n<li><strong>Si\u00e8ge social :<\/strong> ZA DE RAMBORE 2 VILLARD DU PLANAY 73350 PLANAY France<\/li>\n\n\n\n<li><strong>Directeur de la publication :<\/strong> Ludovic SOLSONA<\/li>\n\n\n\n<li><strong>Email de contact :<\/strong> contact@polydecoupe.fr<\/li>\n\n\n\n<li><strong>Num\u00e9ro de t\u00e9l\u00e9phone :<\/strong> 06 22 99 40 94<\/li>\n<\/ul>\n\n\n\n<h3 class=\"wp-block-heading\" id=\"hebergement-du-site\">H\u00e9bergement du site<\/h3>\n\n\n\n<p>H\u00e9bergeur :<\/p>\n\n\n\n<p>Nom de l&rsquo;h\u00e9bergeur : Hostinger<br>Adresse : 61 Rue Lordou Vironos, 6023 Larnaca, Chypre<br>T\u00e9l\u00e9phone : +357 24 02 79 44<br>Site web : www.hostinger.fr<\/p>\n\n\n\n<h3 class=\"wp-block-heading\" id=\"propriete-intellectuelle\">Propri\u00e9t\u00e9 Intellectuelle<\/h3>\n\n\n\n<p>Le contenu du site <a href=\"www.polydecoupe.fr\"><mark style=\"background-color:rgba(0, 0, 0, 0)\" class=\"has-inline-color has-light-color-color\">www.polydecoupe.fr<\/mark><\/a> (textes, images, graphismes, logo, ic\u00f4nes, sons, logiciels, etc.) est la propri\u00e9t\u00e9 de Poly D\u00e9coupe ou de ses partenaires et est prot\u00e9g\u00e9 par les lois fran\u00e7aises et internationales relatives \u00e0 la propri\u00e9t\u00e9 intellectuelle. Toute reproduction, distribution, modification, adaptation, retransmission ou publication, m\u00eame partielle, de ces diff\u00e9rents \u00e9l\u00e9ments est strictement interdite sans l&rsquo;accord expr\u00e8s par \u00e9crit de Poly D\u00e9coupe.<\/p>\n\n\n\n<h3 class=\"wp-block-heading\" id=\"responsabilite\">Responsabilit\u00e9<\/h3>\n\n\n\n<p>Poly D\u00e9coupe s\u2019efforce d\u2019assurer l\u2019exactitude et la mise \u00e0 jour des informations diffus\u00e9es sur ce site, et se r\u00e9serve le droit de corriger, \u00e0 tout moment et sans pr\u00e9avis, le contenu. Toutefois, Poly D\u00e9coupe ne peut garantir l&rsquo;exactitude, la pr\u00e9cision ou l&rsquo;exhaustivit\u00e9 des informations mises \u00e0 disposition sur ce site.<\/p>\n\n\n\n<p>En cons\u00e9quence, Poly D\u00e9coupe d\u00e9cline toute responsabilit\u00e9 :<\/p>\n\n\n\n<ul class=\"wp-block-list\">\n<li>pour toute impr\u00e9cision, inexactitude ou omission portant sur des informations disponibles sur le site ;<\/li>\n\n\n\n<li>pour tous dommages r\u00e9sultant d&rsquo;une intrusion frauduleuse d&rsquo;un tiers ayant entra\u00een\u00e9 une modification des informations mises \u00e0 disposition sur le site ;<\/li>\n\n\n\n<li>et plus g\u00e9n\u00e9ralement pour tous dommages, directs ou indirects, quelles qu&rsquo;en soient les causes, origines, natures ou cons\u00e9quences, provoqu\u00e9s \u00e0 raison de l&rsquo;acc\u00e8s de quiconque au site ou de l&rsquo;impossibilit\u00e9 d&rsquo;y acc\u00e9der, ainsi que l&rsquo;utilisation du site et\/ou du cr\u00e9dit accord\u00e9 \u00e0 une quelconque information provenant directement ou indirectement de ce dernier.<\/li>\n<\/ul>\n\n\n\n<h3 class=\"wp-block-heading\" id=\"liens-hypertextes\">Liens Hypertextes<\/h3>\n\n\n\n<p>Le site <a href=\"www.polydecoupe.fr\"><mark style=\"background-color:rgba(0, 0, 0, 0)\" class=\"has-inline-color has-light-color-color\">www.polydecoupe.fr<\/mark><\/a> peut contenir des liens hypertextes vers d\u2019autres sites. Poly D\u00e9coupe n\u2019exerce aucun contr\u00f4le sur ces sites et ne peut \u00eatre tenu responsable de leur contenu. Poly D\u00e9coupe invite les utilisateurs \u00e0 consulter les politiques de confidentialit\u00e9 de ces sites.<\/p>\n\n\n\n<h3 class=\"wp-block-heading\" id=\"cookies\">Cookies<\/h3>\n\n\n\n<p>Le site<mark style=\"background-color:rgba(0, 0, 0, 0)\" class=\"has-inline-color has-light-color-color\"> <\/mark><a href=\"www.polydecoupe.fr\"><mark style=\"background-color:rgba(0, 0, 0, 0)\" class=\"has-inline-color has-background-alt-color\">www.polydecoupe.fr<\/mark><\/a> utilise des cookies pour am\u00e9liorer l&rsquo;exp\u00e9rience utilisateur, r\u00e9aliser des statistiques de visites et permettre certaines fonctionnalit\u00e9s. Pour en savoir plus, veuillez consulter notre [Politique de Cookies](lien vers la politique de cookies).<\/p>\n","protected":false},"excerpt":{"rendered":"<p>Identification de l&rsquo;\u00e9diteur du site Poly D\u00e9coupe : H\u00e9bergement du site H\u00e9bergeur : Nom de l&rsquo;h\u00e9bergeur : HostingerAdresse : 61 Rue Lordou Vironos, 6023 Larnaca, ChypreT\u00e9l\u00e9phone : +357 24 02 79 44Site web : www.hostinger.fr Propri\u00e9t\u00e9 Intellectuelle Le contenu du site www.polydecoupe.fr (textes, images, graphismes, logo, ic\u00f4nes, sons, logiciels, etc.) est la propri\u00e9t\u00e9 de Poly&#8230;<\/p>\n","protected":false},"author":1,"featured_media":0,"parent":0,"menu_order":0,"comment_status":"closed","ping_status":"closed","template":"fullwidth-page-template","meta":{"_eb_attr":"","_gspb_post_css":"","_uag_custom_page_level_css":"","footnotes":""},"class_list":["post-1181","page","type-page","status-publish","hentry"],"yoast_head":"<!-- This site is optimized with the Yoast SEO plugin v27.3 - https:\/\/yoast.com\/product\/yoast-seo-wordpress\/ -->\n<title>Mentions L\u00e9gales - Poly D\u00e9coupe<\/title>\n<meta name=\"robots\" content=\"index, follow, max-snippet:-1, max-image-preview:large, max-video-preview:-1\" \/>\n<link rel=\"canonical\" href=\"https:\/\/polydecoupe.fr\/?page_id=1181\" \/>\n<meta property=\"og:locale\" content=\"fr_FR\" \/>\n<meta property=\"og:type\" content=\"article\" \/>\n<meta property=\"og:title\" content=\"Mentions L\u00e9gales - Poly D\u00e9coupe\" \/>\n<meta property=\"og:description\" content=\"Identification de l&rsquo;\u00e9diteur du site Poly D\u00e9coupe : H\u00e9bergement du site H\u00e9bergeur : Nom de l&rsquo;h\u00e9bergeur : HostingerAdresse : 61 Rue Lordou Vironos, 6023 Larnaca, ChypreT\u00e9l\u00e9phone : +357 24 02 79 44Site web : www.hostinger.fr Propri\u00e9t\u00e9 Intellectuelle Le contenu du site www.polydecoupe.fr (textes, images, graphismes, logo, ic\u00f4nes, sons, logiciels, etc.) est la propri\u00e9t\u00e9 de Poly...\" \/>\n<meta property=\"og:url\" content=\"https:\/\/polydecoupe.fr\/?page_id=1181\" \/>\n<meta property=\"og:site_name\" content=\"Poly D\u00e9coupe\" \/>\n<meta property=\"article:modified_time\" content=\"2024-07-26T14:06:11+00:00\" \/>\n<meta name=\"twitter:card\" content=\"summary_large_image\" \/>\n<meta name=\"twitter:label1\" content=\"Dur\u00e9e de lecture estim\u00e9e\" \/>\n\t<meta name=\"twitter:data1\" content=\"2 minutes\" \/>\n<script type=\"application\/ld+json\" class=\"yoast-schema-graph\">{\"@context\":\"https:\\\/\\\/schema.org\",\"@graph\":[{\"@type\":\"WebPage\",\"@id\":\"https:\\\/\\\/polydecoupe.fr\\\/?page_id=1181\",\"url\":\"https:\\\/\\\/polydecoupe.fr\\\/?page_id=1181\",\"name\":\"Mentions L\u00e9gales - Poly D\u00e9coupe\",\"isPartOf\":{\"@id\":\"https:\\\/\\\/polydecoupe.fr\\\/#website\"},\"datePublished\":\"2024-07-26T14:01:02+00:00\",\"dateModified\":\"2024-07-26T14:06:11+00:00\",\"breadcrumb\":{\"@id\":\"https:\\\/\\\/polydecoupe.fr\\\/?page_id=1181#breadcrumb\"},\"inLanguage\":\"fr-FR\",\"potentialAction\":[{\"@type\":\"ReadAction\",\"target\":[\"https:\\\/\\\/polydecoupe.fr\\\/?page_id=1181\"]}]},{\"@type\":\"BreadcrumbList\",\"@id\":\"https:\\\/\\\/polydecoupe.fr\\\/?page_id=1181#breadcrumb\",\"itemListElement\":[{\"@type\":\"ListItem\",\"position\":1,\"name\":\"Accueil\",\"item\":\"https:\\\/\\\/polydecoupe.fr\\\/\"},{\"@type\":\"ListItem\",\"position\":2,\"name\":\"Mentions L\u00e9gales\"}]},{\"@type\":\"WebSite\",\"@id\":\"https:\\\/\\\/polydecoupe.fr\\\/#website\",\"url\":\"https:\\\/\\\/polydecoupe.fr\\\/\",\"name\":\"Poly D\u00e9coupe\",\"description\":\"\",\"potentialAction\":[{\"@type\":\"SearchAction\",\"target\":{\"@type\":\"EntryPoint\",\"urlTemplate\":\"https:\\\/\\\/polydecoupe.fr\\\/?s={search_term_string}\"},\"query-input\":{\"@type\":\"PropertyValueSpecification\",\"valueRequired\":true,\"valueName\":\"search_term_string\"}}],\"inLanguage\":\"fr-FR\"}]}<\/script>\n<!-- \/ Yoast SEO plugin. -->","yoast_head_json":{"title":"Mentions L\u00e9gales - Poly D\u00e9coupe","robots":{"index":"index","follow":"follow","max-snippet":"max-snippet:-1","max-image-preview":"max-image-preview:large","max-video-preview":"max-video-preview:-1"},"canonical":"https:\/\/polydecoupe.fr\/?page_id=1181","og_locale":"fr_FR","og_type":"article","og_title":"Mentions L\u00e9gales - Poly D\u00e9coupe","og_description":"Identification de l&rsquo;\u00e9diteur du site Poly D\u00e9coupe : H\u00e9bergement du site H\u00e9bergeur : Nom de l&rsquo;h\u00e9bergeur : HostingerAdresse : 61 Rue Lordou Vironos, 6023 Larnaca, ChypreT\u00e9l\u00e9phone : +357 24 02 79 44Site web : www.hostinger.fr Propri\u00e9t\u00e9 Intellectuelle Le contenu du site www.polydecoupe.fr (textes, images, graphismes, logo, ic\u00f4nes, sons, logiciels, etc.) est la propri\u00e9t\u00e9 de Poly...","og_url":"https:\/\/polydecoupe.fr\/?page_id=1181","og_site_name":"Poly D\u00e9coupe","article_modified_time":"2024-07-26T14:06:11+00:00","twitter_card":"summary_large_image","twitter_misc":{"Dur\u00e9e de lecture estim\u00e9e":"2 minutes"},"schema":{"@context":"https:\/\/schema.org","@graph":[{"@type":"WebPage","@id":"https:\/\/polydecoupe.fr\/?page_id=1181","url":"https:\/\/polydecoupe.fr\/?page_id=1181","name":"Mentions L\u00e9gales - Poly D\u00e9coupe","isPartOf":{"@id":"https:\/\/polydecoupe.fr\/#website"},"datePublished":"2024-07-26T14:01:02+00:00","dateModified":"2024-07-26T14:06:11+00:00","breadcrumb":{"@id":"https:\/\/polydecoupe.fr\/?page_id=1181#breadcrumb"},"inLanguage":"fr-FR","potentialAction":[{"@type":"ReadAction","target":["https:\/\/polydecoupe.fr\/?page_id=1181"]}]},{"@type":"BreadcrumbList","@id":"https:\/\/polydecoupe.fr\/?page_id=1181#breadcrumb","itemListElement":[{"@type":"ListItem","position":1,"name":"Accueil","item":"https:\/\/polydecoupe.fr\/"},{"@type":"ListItem","position":2,"name":"Mentions L\u00e9gales"}]},{"@type":"WebSite","@id":"https:\/\/polydecoupe.fr\/#website","url":"https:\/\/polydecoupe.fr\/","name":"Poly D\u00e9coupe","description":"","potentialAction":[{"@type":"SearchAction","target":{"@type":"EntryPoint","urlTemplate":"https:\/\/polydecoupe.fr\/?s={search_term_string}"},"query-input":{"@type":"PropertyValueSpecification","valueRequired":true,"valueName":"search_term_string"}}],"inLanguage":"fr-FR"}]}},"uagb_featured_image_src":{"full":false,"thumbnail":false,"medium":false,"medium_large":false,"large":false,"1536x1536":false,"2048x2048":false},"uagb_author_info":{"display_name":"site.polydecoupe.gestion@gmail.com","author_link":"https:\/\/polydecoupe.fr\/?author=1"},"uagb_comment_info":0,"uagb_excerpt":"Identification de l&rsquo;\u00e9diteur du site Poly D\u00e9coupe : H\u00e9bergement du site H\u00e9bergeur : Nom de l&rsquo;h\u00e9bergeur : HostingerAdresse : 61 Rue Lordou Vironos, 6023 Larnaca, ChypreT\u00e9l\u00e9phone : +357 24 02 79 44Site web : www.hostinger.fr Propri\u00e9t\u00e9 Intellectuelle Le contenu du site www.polydecoupe.fr (textes, images, graphismes, logo, ic\u00f4nes, sons, logiciels, etc.) est la propri\u00e9t\u00e9 de Poly...","jetpack_sharing_enabled":true,"_links":{"self":[{"href":"https:\/\/polydecoupe.fr\/index.php?rest_route=\/wp\/v2\/pages\/1181","targetHints":{"allow":["GET"]}}],"collection":[{"href":"https:\/\/polydecoupe.fr\/index.php?rest_route=\/wp\/v2\/pages"}],"about":[{"href":"https:\/\/polydecoupe.fr\/index.php?rest_route=\/wp\/v2\/types\/page"}],"author":[{"embeddable":true,"href":"https:\/\/polydecoupe.fr\/index.php?rest_route=\/wp\/v2\/users\/1"}],"replies":[{"embeddable":true,"href":"https:\/\/polydecoupe.fr\/index.php?rest_route=%2Fwp%2Fv2%2Fcomments&post=1181"}],"version-history":[{"count":1,"href":"https:\/\/polydecoupe.fr\/index.php?rest_route=\/wp\/v2\/pages\/1181\/revisions"}],"predecessor-version":[{"id":1182,"href":"https:\/\/polydecoupe.fr\/index.php?rest_route=\/wp\/v2\/pages\/1181\/revisions\/1182"}],"wp:attachment":[{"href":"https:\/\/polydecoupe.fr\/index.php?rest_route=%2Fwp%2Fv2%2Fmedia&parent=1181"}],"curies":[{"name":"wp","href":"https:\/\/api.w.org\/{rel}","templated":true}]}}